{"id":275,"date":"2011-01-17T00:54:24","date_gmt":"2011-01-17T00:54:24","guid":{"rendered":"http:\/\/dev.urlari.com\/"},"modified":"2012-10-03T10:25:11","modified_gmt":"2012-10-03T10:25:11","slug":"jean-philippe-fort-winemaker","status":"publish","type":"page","link":"https:\/\/dev.urlari.com\/it\/our-vineyard\/jean-philippe-fort-winemaker\/","title":{"rendered":"Jean-Philippe Fort"},"content":{"rendered":"<p><\/p>\n<h2 class=\"page_subhead\">Jean-Philippe Fort \u00e8 uno dei nomi pi\u00f9  conosciuti e rispettati fra i grandi vinificatori di Bordeaux.<\/h2>\n<p><em><img loading=\"lazy\" decoding=\"async\" class=\"alignleft size-full wp-image-426\" title=\"Jean-Philippe\" src=\"http:\/\/dev.urlari.com\/wp-content\/uploads\/2012\/02\/JPRC.jpg\" alt=\"\" width=\"265\" height=\"190\" \/><span style=\"font-style: normal;\">Jean-Philippe Fort \u00e8 uno dei nomi pi\u00f9\u00a0 conosciuti e rispettati fra i grandi vinificatori di Bordeaux e combina arte e scienza per creare vini eccezionali e di classe Grand Cru.  Jean-Philippe ha lavorato per pi\u00f9 di 20 anni con il gruppo di\u00a0 Michel Rolland.\u00a0 E\u2019 conosciuto come specialista di vini St. Emilion e oggi pi\u00f9 del 40% del vino da lui prodotto \u00e8\u00a0di livello Grand Cru.\u00a0 Nato a Bordeaux, Jean-Philippe \u00e8 dottore in biologia con una laurea dell\u2019Universit\u00e0 di Bordeaux. Quando non si occupa delle altre azienda vinicole, si prende cura dei vigneti di famiglia a Bordeaux conosciuti con\u00a0 la denominazione Laland de Pomerol.<br \/>\n<em><img loading=\"lazy\" decoding=\"async\" class=\"alignleft size-full wp-image-426\" title=\"Jean-Philippe\" src=\"http:\/\/dev.urlari.com\/wp-content\/uploads\/2012\/02\/Jean-Philippe-nice.jpg\" alt=\"\" width=\"265\" height=\"190\" \/><span style=\"font-style: normal;\">Questa \u00e8 la prima volta che Jean-Philppe si occupa di un&#8217;azienda al di fuori della Francia ed \u00e8 stato attratto dal progetto perch\u00e8, quando ha incontrato Roberto, l\u2019azienda era ancora in fase di progettazione e c&#8217;era tutto da inventare.  Roberto offriva per\u00f2 tutti gli elementi per ottenere una qualit\u00e0 superiore: vinificazione di prima scelta, terra fertile eccezionale e la possibilit\u00e0 di cominciare a lavorare in un&#8217; azienda vinicola a partire dall&#8217; inizio e quindi dall&#8217;impianto delle barbatelle.\u00a0 Jean-Philippe \u00e8 stato quindi fortemente attratto da questa possibilit\u00e0 e dall\u2019invito a sperimentare tanti diversi\u00a0 approcci e combinazioni dei processi della vinificazione.<\/span><\/em><\/p>\n","protected":false},"excerpt":{"rendered":"<p>Jean-Philippe Fort \u00e8 uno dei nomi pi\u00f9 conosciuti e rispettati fra i grandi vinificatori di Bordeaux. Jean-Philippe Fort \u00e8 uno dei nomi pi\u00f9\u00a0 conosciuti e rispettati fra i grandi vinificatori di Bordeaux e combina arte e scienza per creare vini eccezionali e di classe Grand Cru. Jean-Philippe ha lavorato per pi\u00f9 di 20 anni con [&hellip;]<\/p>\n","protected":false},"author":1,"featured_media":0,"parent":9,"menu_order":4,"comment_status":"open","ping_status":"open","template":"","meta":{"_monsterinsights_skip_tracking":false,"_monsterinsights_sitenote_active":false,"_monsterinsights_sitenote_note":"","_monsterinsights_sitenote_category":0,"footnotes":""},"class_list":["post-275","page","type-page","status-publish","hentry"],"aioseo_notices":[],"_links":{"self":[{"href":"https:\/\/dev.urlari.com\/it\/wp-json\/wp\/v2\/pages\/275","targetHints":{"allow":["GET"]}}],"collection":[{"href":"https:\/\/dev.urlari.com\/it\/wp-json\/wp\/v2\/pages"}],"about":[{"href":"https:\/\/dev.urlari.com\/it\/wp-json\/wp\/v2\/types\/page"}],"author":[{"embeddable":true,"href":"https:\/\/dev.urlari.com\/it\/wp-json\/wp\/v2\/users\/1"}],"replies":[{"embeddable":true,"href":"https:\/\/dev.urlari.com\/it\/wp-json\/wp\/v2\/comments?post=275"}],"version-history":[{"count":5,"href":"https:\/\/dev.urlari.com\/it\/wp-json\/wp\/v2\/pages\/275\/revisions"}],"predecessor-version":[{"id":280,"href":"https:\/\/dev.urlari.com\/it\/wp-json\/wp\/v2\/pages\/275\/revisions\/280"}],"up":[{"embeddable":true,"href":"https:\/\/dev.urlari.com\/it\/wp-json\/wp\/v2\/pages\/9"}],"wp:attachment":[{"href":"https:\/\/dev.urlari.com\/it\/wp-json\/wp\/v2\/media?parent=275"}],"curies":[{"name":"wp","href":"https:\/\/api.w.org\/{rel}","templated":true}]}}