{"id":265,"date":"2011-01-17T00:41:48","date_gmt":"2011-01-17T00:41:48","guid":{"rendered":"http:\/\/dev.urlari.com\/"},"modified":"2012-09-23T02:18:34","modified_gmt":"2012-09-23T02:18:34","slug":"roberto-cristoforetti","status":"publish","type":"page","link":"https:\/\/dev.urlari.com\/it\/our-team\/roberto-cristoforetti\/","title":{"rendered":"Roberto Cristoforetti"},"content":{"rendered":"<p><\/p>\n<h2 class=\"page_subhead\">Il fondatore di Urlari, Roberto Cristoforetti,  italiano,  pu\u00f2 essere considerato agricoltore e inventore e Urlari \u00e8 il coronamento del sogno di creare un vino &#8220;mondiale&#8221; di classe.<\/h2>\n<p><a href=\"http:\/\/dev.urlari.com\/wp-content\/uploads\/2011\/01\/Roberto-Cristoforetti1.jpg\"><img loading=\"lazy\" decoding=\"async\" class=\"alignleft size-full wp-image-425\" src=\"http:\/\/dev.urlari.com\/wp-content\/uploads\/2011\/01\/Roberto-Cristoforetti1.jpg\" alt=\"Roberto-Cristoforetti\" width=\"253\" height=\"190\" \/><\/a><\/p>\n<p>Nato in Trentino Alto-Adige, Roberto \u00e8 cresciuto in una fattoria e\u00a0 da sempre porta con s\u00e8 la sensibilit\u00e0 tipica del coltivatore.<\/p>\n<p>Accanto all\u2019azienda di famiglia, ha sviluppato la sua seconda carriera lavorando per Lange \u2013 Rossignol, la Compagnia Sciistica dove ha creato gli scarponi da sci per gli atleti di tante Coppe del Mondo.  Il lavoro di Roberto ha sempre richiesto precisione e continua flessibilit\u00e0, tenendo conto delle necessit\u00e0 individuali degli sciatori, dei continui cambiamenti del tempo, delle condizioni della neve e del continuo mutare della tecnologia dei materiali.<br \/>\nDurante la sua carriera, viaggiando in tutto il mondo con il Gruppo della Coppa del Mondo, ha potuto conoscere alcune delle pi\u00f9 grandi aziende vinicole. Durante le sue visite ha avuto quindi modo di osservare le diverse tecniche per piantare, potare, vendemmiare, fare il vino. Ha poi sviluppato le sue teorie su come combinare con successo le diverse fasi della produzione sempre coltivando il sogno di mettere in pratica la giusta combinazione per la produzione di un vino \u201cmondiale\u201d di vera classe.\n<\/p>\n<p><em>Il sogno ha cominciato a prender forma nel 2004 quando a Riparbella ha acquistato un bellissimo appezzamento di terra chiamato Urlari e meravigliosamente circondato dai fitti boschi tipici dell&#8217;entroterra bolgherese. <\/em><\/p>\n","protected":false},"excerpt":{"rendered":"<p>Il fondatore di Urlari, Roberto Cristoforetti, italiano, pu\u00f2 essere considerato agricoltore e inventore e Urlari \u00e8 il coronamento del sogno di creare un vino &#8220;mondiale&#8221; di classe. Nato in Trentino Alto-Adige, Roberto \u00e8 cresciuto in una fattoria e\u00a0 da sempre porta con s\u00e8 la sensibilit\u00e0 tipica del coltivatore. Accanto all\u2019azienda di famiglia, ha sviluppato la [&hellip;]<\/p>\n","protected":false},"author":1,"featured_media":0,"parent":18,"menu_order":1,"comment_status":"open","ping_status":"open","template":"","meta":{"_monsterinsights_skip_tracking":false,"_monsterinsights_sitenote_active":false,"_monsterinsights_sitenote_note":"","_monsterinsights_sitenote_category":0,"footnotes":""},"class_list":["post-265","page","type-page","status-publish","hentry"],"aioseo_notices":[],"_links":{"self":[{"href":"https:\/\/dev.urlari.com\/it\/wp-json\/wp\/v2\/pages\/265","targetHints":{"allow":["GET"]}}],"collection":[{"href":"https:\/\/dev.urlari.com\/it\/wp-json\/wp\/v2\/pages"}],"about":[{"href":"https:\/\/dev.urlari.com\/it\/wp-json\/wp\/v2\/types\/page"}],"author":[{"embeddable":true,"href":"https:\/\/dev.urlari.com\/it\/wp-json\/wp\/v2\/users\/1"}],"replies":[{"embeddable":true,"href":"https:\/\/dev.urlari.com\/it\/wp-json\/wp\/v2\/comments?post=265"}],"version-history":[{"count":5,"href":"https:\/\/dev.urlari.com\/it\/wp-json\/wp\/v2\/pages\/265\/revisions"}],"predecessor-version":[{"id":1630,"href":"https:\/\/dev.urlari.com\/it\/wp-json\/wp\/v2\/pages\/265\/revisions\/1630"}],"up":[{"embeddable":true,"href":"https:\/\/dev.urlari.com\/it\/wp-json\/wp\/v2\/pages\/18"}],"wp:attachment":[{"href":"https:\/\/dev.urlari.com\/it\/wp-json\/wp\/v2\/media?parent=265"}],"curies":[{"name":"wp","href":"https:\/\/api.w.org\/{rel}","templated":true}]}}