{"id":1010,"date":"2011-04-13T22:10:25","date_gmt":"2011-04-13T22:10:25","guid":{"rendered":"http:\/\/dev.urlari.com\/"},"modified":"2011-04-20T04:38:29","modified_gmt":"2011-04-20T04:38:29","slug":"pervale-%e2%80%9cemotion-in-a-glass%e2%80%9d","status":"publish","type":"page","link":"https:\/\/dev.urlari.com\/it\/press\/pervale-%e2%80%9cemotion-in-a-glass%e2%80%9d\/","title":{"rendered":"Pervale: l\u2019emozione in un bicchiere"},"content":{"rendered":"<h2 class=\"page_subhead\">Pervale: l&#8217;emozione in un bicchiere<\/h2>\n<p>di critico di vino Laura Ragoni, January 2010<\/p>\n<p>Nevica, tutto \u00e8 silenzioso e ovattato nella mia casa in mezzo ai monti. \u00c8 la serata giusta per dedicarsi a una degustazione speciale.<\/p>\n<p>Qualche giorno fa il mio amico sommellier Luca Castelletti mi ha regalato una bottiglia, dicendomi solamente: &#8220;Ti stupir\u00e0&#8221;. \u00c8 un&#8217;anteprima assoluta, un vino non ancora in commercio, la prima annata, quasi un esperimento, uno dei tanti gioielli che escono da quell&#8217;incredibile scrigno che \u00e8 l&#8217;enoteca Al Ponte, di Ponte san Pietro. Il signor Italo Castelletti, storico fondatore e primo delegato per anni della sezione Ais Bergamo, mi ha sorriso, ammiccando. Quel gesto \u00e8 bastato a farmi capire che sono in presenza di una vera chicca.<\/p>\n<p>Accendo il camino, abbasso le luci, stappo la bottiglia. Ho tagliato alcune fettine di prosciutto crudo di mora romagnola, giusto per accompagnare questa solitaria degustazione. Manca solo un po&#8217; di musica, e scelgo un pezzo a me molto caro: il Concerto in Mi minore Opera 64 di Mendelsshon per violino e orchestra. Verso il vino nel bicchiere mentre attacca l&#8217;Allegro Molto Appassionato.<\/p>\n<p>Il vino Pervale \u00e8 un Toscana igt, prodotto dall&#8217;Azienda Agricola Urlari, il proprietario, Roberto Cristoforetti, giovane e dinamico, ha le vigne sulle dolci colline pisane, nel comune di Riparbella.<\/p>\n<p>Alla vista \u00e8 di un bel rosso rubino scuro e intenso, sangue di piccione, come la pietra che mia madre portava sempre al dito.<\/p>\n<p>\u00c8 ottenuto con uve cabernet sauvignon, cabernet franc, merlot e con piccole percentuali di sangiovese e alicante, invecchiato per il 75% in barriques di rovere francese nuove e usate e fa un leggero passaggio in serbatoi di acciaio. Quest&#8217;annata 2008 \u00e8 la cosiddetta &#8220;numero zero&#8221;, ed \u00e8 una grande emozione per me degustarlo in assoluta anteprima: adoro scoprire nuovi vini. Ne sono state prodotte solamente 8000 bottiglie, ma dalla prossima vendemmia il numero delle bottiglie in produzione \u00e8 destinato a crescere.<\/p>\n<p>Luca Castelletti lo definisce un vino &#8220;in divenire&#8221;, ed \u00e8 sicuro che far\u00e0 parlare di s\u00e8. Il violino di Isaac Stern trilla sul brillante nella coda, prima di entrare di soppiatto nell&#8217;Andante, e porto al naso il vino che Cristoforetti ha dedicato alla figlia Valentina, per questo lo ha chiamato Pervale.<\/p>\n<p>Gi\u00e0 di primo acchito mi ricorda i grandi francesi di Saint Estephe. Chiudo gli occhi e inspiro voluttuosamente: \u00e8 molto intenso, persistente con profumi che ricordano la violetta, frutti rossi di bosco e una leggera nota vanigliata. Al naso \u00e8 potente, armonico, con un bouquet complesso, che svela in un secondo tempo un aroma di tabacco, pepe, cassis e sfumature minerali.<\/p>\n<p>Alla bocca mantiene quello che promette al naso: incredibile intensit\u00e0 gustativa.<\/p>\n<p>E\u2019 Intenso persistente, morbido, buona trama tannica di grande finezza ed eleganza, secco e abbastanza equilibrato, tenendo conto che \u00e8 un vino che necessit\u00e0 di affinamento in bottiglia, e che sar\u00e0 pronto non prima di aprile. Ha un bel corpo, che fa presagire possibilit\u00e0 di un lungo invecchiamento. Il finale \u00e8 lungo e complesso, e riserva nuove sorprese al palato, con sentori minerali, una leggera nota amarognola piacevolissima, un&#8217;eleganza del frutto che rinnova lo stupore. Mi perdo nell&#8217;Allegro Molto Vivace, abbandonandomi alle sensazioni, a occhi chiusi, gustando il sapore delle emozioni che solo un grande vino sa dare.<\/p>\n<p>Ringrazio Luca Castelletti, per avere condiviso con me la sua scoperta. E ringrazio anche Roberto Cristoforetti, a me sconosciuto vignaiolo, che non sa di avermi dato, stasera, un attimo di gioia purissima&#8230;<\/p>\n<p>Laura Rangoni<\/p>\n","protected":false},"excerpt":{"rendered":"<p>Pervale: l&#8217;emozione in un bicchiere di critico di vino Laura Ragoni, January 2010 Nevica, tutto \u00e8 silenzioso e ovattato nella mia casa in mezzo ai monti. \u00c8 la serata giusta per dedicarsi a una degustazione speciale. Qualche giorno fa il mio amico sommellier Luca Castelletti mi ha regalato una bottiglia, dicendomi solamente: &#8220;Ti stupir\u00e0&#8221;. \u00c8 [&hellip;]<\/p>\n","protected":false},"author":1,"featured_media":0,"parent":22,"menu_order":0,"comment_status":"open","ping_status":"open","template":"","meta":{"_monsterinsights_skip_tracking":false,"_monsterinsights_sitenote_active":false,"_monsterinsights_sitenote_note":"","_monsterinsights_sitenote_category":0,"footnotes":""},"class_list":["post-1010","page","type-page","status-publish","hentry"],"aioseo_notices":[],"_links":{"self":[{"href":"https:\/\/dev.urlari.com\/it\/wp-json\/wp\/v2\/pages\/1010","targetHints":{"allow":["GET"]}}],"collection":[{"href":"https:\/\/dev.urlari.com\/it\/wp-json\/wp\/v2\/pages"}],"about":[{"href":"https:\/\/dev.urlari.com\/it\/wp-json\/wp\/v2\/types\/page"}],"author":[{"embeddable":true,"href":"https:\/\/dev.urlari.com\/it\/wp-json\/wp\/v2\/users\/1"}],"replies":[{"embeddable":true,"href":"https:\/\/dev.urlari.com\/it\/wp-json\/wp\/v2\/comments?post=1010"}],"version-history":[{"count":5,"href":"https:\/\/dev.urlari.com\/it\/wp-json\/wp\/v2\/pages\/1010\/revisions"}],"predecessor-version":[{"id":1016,"href":"https:\/\/dev.urlari.com\/it\/wp-json\/wp\/v2\/pages\/1010\/revisions\/1016"}],"up":[{"embeddable":true,"href":"https:\/\/dev.urlari.com\/it\/wp-json\/wp\/v2\/pages\/22"}],"wp:attachment":[{"href":"https:\/\/dev.urlari.com\/it\/wp-json\/wp\/v2\/media?parent=1010"}],"curies":[{"name":"wp","href":"https:\/\/api.w.org\/{rel}","templated":true}]}}